{"id":8399,"date":"2016-05-12T02:49:45","date_gmt":"2016-05-12T01:49:45","guid":{"rendered":"https:\/\/tecsq.com\/sobre-nosotros\/"},"modified":"2024-04-02T12:41:12","modified_gmt":"2024-04-02T11:41:12","slug":"sobre-nosotros","status":"publish","type":"page","link":"https:\/\/tecsq.com\/es\/sobre-nosotros\/","title":{"rendered":"Sobre Nosotros"},"content":{"rendered":"\t\t<div data-elementor-type=\"wp-page\" data-elementor-id=\"8399\" class=\"elementor elementor-8399 elementor-2462\" data-elementor-post-type=\"page\">\n\t\t\t\t\t\t<section class=\"has_ae_slider elementor-section elementor-top-section elementor-element elementor-element-bd44cec elementor-section-boxed elementor-section-height-default elementor-section-height-default ae-bg-gallery-type-default\" data-id=\"bd44cec\" data-element_type=\"section\" data-settings=\"{&quot;jet_parallax_layout_list&quot;:[{&quot;jet_parallax_layout_image&quot;:{&quot;url&quot;:&quot;&quot;,&quot;id&quot;:&quot;&quot;,&quot;size&quot;:&quot;&quot;},&quot;_id&quot;:&quot;7d8688b&quot;,&quot;jet_parallax_layout_image_tablet&quot;:{&quot;url&quot;:&quot;&quot;,&quot;id&quot;:&quot;&quot;,&quot;size&quot;:&quot;&quot;},&quot;jet_parallax_layout_image_mobile&quot;:{&quot;url&quot;:&quot;&quot;,&quot;id&quot;:&quot;&quot;,&quot;size&quot;:&quot;&quot;},&quot;jet_parallax_layout_speed&quot;:{&quot;unit&quot;:&quot;%&quot;,&quot;size&quot;:50,&quot;sizes&quot;:[]},&quot;jet_parallax_layout_type&quot;:&quot;scroll&quot;,&quot;jet_parallax_layout_direction&quot;:null,&quot;jet_parallax_layout_fx_direction&quot;:null,&quot;jet_parallax_layout_z_index&quot;:&quot;&quot;,&quot;jet_parallax_layout_bg_x&quot;:50,&quot;jet_parallax_layout_bg_x_tablet&quot;:&quot;&quot;,&quot;jet_parallax_layout_bg_x_mobile&quot;:&quot;&quot;,&quot;jet_parallax_layout_bg_y&quot;:50,&quot;jet_parallax_layout_bg_y_tablet&quot;:&quot;&quot;,&quot;jet_parallax_layout_bg_y_mobile&quot;:&quot;&quot;,&quot;jet_parallax_layout_bg_size&quot;:&quot;auto&quot;,&quot;jet_parallax_layout_bg_size_tablet&quot;:&quot;&quot;,&quot;jet_parallax_layout_bg_size_mobile&quot;:&quot;&quot;,&quot;jet_parallax_layout_animation_prop&quot;:&quot;transform&quot;,&quot;jet_parallax_layout_on&quot;:[&quot;desktop&quot;,&quot;tablet&quot;]}]}\">\n\t\t\t\t\t\t<div class=\"elementor-container elementor-column-gap-wider\">\n\t\t\t\t\t<div class=\"has_ae_slider elementor-column elementor-col-100 elementor-top-column elementor-element elementor-element-93141d6 ae-bg-gallery-type-default\" data-id=\"93141d6\" data-element_type=\"column\">\n\t\t\t<div class=\"elementor-widget-wrap elementor-element-populated\">\n\t\t\t\t\t\t<div class=\"elementor-element elementor-element-b216f95 elementor-widget elementor-widget-heading\" data-id=\"b216f95\" data-element_type=\"widget\" data-widget_type=\"heading.default\">\n\t\t\t\t<div class=\"elementor-widget-container\">\n\t\t\t<h2 class=\"elementor-heading-title elementor-size-default\">Presencia internacional<\/h2>\t\t<\/div>\n\t\t\t\t<\/div>\n\t\t\t\t<div class=\"elementor-element elementor-element-3921d7a elementor-widget elementor-widget-text-editor\" data-id=\"3921d7a\" data-element_type=\"widget\" data-widget_type=\"text-editor.default\">\n\t\t\t\t<div class=\"elementor-widget-container\">\n\t\t\t\t\t\t\t<p>El grupo de empresas TEC Square une a varias entidades de gesti\u00f3n de proyectos de Europa y Asia, combinando lo mejor de ambos continentes y permiti\u00e9ndonos proporcionar soluciones rentables y de calidad.<\/p>\n\t\t\t\t\t\t<\/div>\n\t\t\t\t<\/div>\n\t\t\t\t\t<\/div>\n\t\t<\/div>\n\t\t\t\t\t<\/div>\n\t\t<\/section>\n\t\t\t\t<section class=\"has_ae_slider elementor-section elementor-top-section elementor-element elementor-element-98ead29 elementor-section-boxed elementor-section-height-default elementor-section-height-default ae-bg-gallery-type-default\" data-id=\"98ead29\" data-element_type=\"section\" data-settings=\"{&quot;jet_parallax_layout_list&quot;:[{&quot;jet_parallax_layout_image&quot;:{&quot;url&quot;:&quot;&quot;,&quot;id&quot;:&quot;&quot;,&quot;size&quot;:&quot;&quot;},&quot;_id&quot;:&quot;7d8688b&quot;,&quot;jet_parallax_layout_image_tablet&quot;:{&quot;url&quot;:&quot;&quot;,&quot;id&quot;:&quot;&quot;,&quot;size&quot;:&quot;&quot;},&quot;jet_parallax_layout_image_mobile&quot;:{&quot;url&quot;:&quot;&quot;,&quot;id&quot;:&quot;&quot;,&quot;size&quot;:&quot;&quot;},&quot;jet_parallax_layout_speed&quot;:{&quot;unit&quot;:&quot;%&quot;,&quot;size&quot;:50,&quot;sizes&quot;:[]},&quot;jet_parallax_layout_type&quot;:&quot;scroll&quot;,&quot;jet_parallax_layout_direction&quot;:null,&quot;jet_parallax_layout_fx_direction&quot;:null,&quot;jet_parallax_layout_z_index&quot;:&quot;&quot;,&quot;jet_parallax_layout_bg_x&quot;:50,&quot;jet_parallax_layout_bg_x_tablet&quot;:&quot;&quot;,&quot;jet_parallax_layout_bg_x_mobile&quot;:&quot;&quot;,&quot;jet_parallax_layout_bg_y&quot;:50,&quot;jet_parallax_layout_bg_y_tablet&quot;:&quot;&quot;,&quot;jet_parallax_layout_bg_y_mobile&quot;:&quot;&quot;,&quot;jet_parallax_layout_bg_size&quot;:&quot;auto&quot;,&quot;jet_parallax_layout_bg_size_tablet&quot;:&quot;&quot;,&quot;jet_parallax_layout_bg_size_mobile&quot;:&quot;&quot;,&quot;jet_parallax_layout_animation_prop&quot;:&quot;transform&quot;,&quot;jet_parallax_layout_on&quot;:[&quot;desktop&quot;,&quot;tablet&quot;]}]}\">\n\t\t\t\t\t\t<div class=\"elementor-container elementor-column-gap-wider\">\n\t\t\t\t\t<div class=\"has_ae_slider elementor-column elementor-col-100 elementor-top-column elementor-element elementor-element-781303b ae-bg-gallery-type-default\" data-id=\"781303b\" data-element_type=\"column\">\n\t\t\t<div class=\"elementor-widget-wrap elementor-element-populated\">\n\t\t\t\t\t\t<div class=\"elementor-element elementor-element-206cd18 elementor-widget-divider--view-line elementor-widget elementor-widget-divider\" data-id=\"206cd18\" data-element_type=\"widget\" data-widget_type=\"divider.default\">\n\t\t\t\t<div class=\"elementor-widget-container\">\n\t\t\t\t\t<div class=\"elementor-divider\">\n\t\t\t<span class=\"elementor-divider-separator\">\n\t\t\t\t\t\t<\/span>\n\t\t<\/div>\n\t\t\t\t<\/div>\n\t\t\t\t<\/div>\n\t\t\t\t\t<\/div>\n\t\t<\/div>\n\t\t\t\t\t<\/div>\n\t\t<\/section>\n\t\t\t\t<section class=\"has_ae_slider elementor-section elementor-top-section elementor-element elementor-element-0ac30aa elementor-section-boxed elementor-section-height-default elementor-section-height-default ae-bg-gallery-type-default\" data-id=\"0ac30aa\" data-element_type=\"section\" data-settings=\"{&quot;jet_parallax_layout_list&quot;:[{&quot;jet_parallax_layout_image&quot;:{&quot;url&quot;:&quot;&quot;,&quot;id&quot;:&quot;&quot;,&quot;size&quot;:&quot;&quot;},&quot;_id&quot;:&quot;5997b41&quot;,&quot;jet_parallax_layout_image_tablet&quot;:{&quot;url&quot;:&quot;&quot;,&quot;id&quot;:&quot;&quot;,&quot;size&quot;:&quot;&quot;},&quot;jet_parallax_layout_image_mobile&quot;:{&quot;url&quot;:&quot;&quot;,&quot;id&quot;:&quot;&quot;,&quot;size&quot;:&quot;&quot;},&quot;jet_parallax_layout_speed&quot;:{&quot;unit&quot;:&quot;%&quot;,&quot;size&quot;:50,&quot;sizes&quot;:[]},&quot;jet_parallax_layout_type&quot;:&quot;scroll&quot;,&quot;jet_parallax_layout_direction&quot;:null,&quot;jet_parallax_layout_fx_direction&quot;:null,&quot;jet_parallax_layout_z_index&quot;:&quot;&quot;,&quot;jet_parallax_layout_bg_x&quot;:50,&quot;jet_parallax_layout_bg_x_tablet&quot;:&quot;&quot;,&quot;jet_parallax_layout_bg_x_mobile&quot;:&quot;&quot;,&quot;jet_parallax_layout_bg_y&quot;:50,&quot;jet_parallax_layout_bg_y_tablet&quot;:&quot;&quot;,&quot;jet_parallax_layout_bg_y_mobile&quot;:&quot;&quot;,&quot;jet_parallax_layout_bg_size&quot;:&quot;auto&quot;,&quot;jet_parallax_layout_bg_size_tablet&quot;:&quot;&quot;,&quot;jet_parallax_layout_bg_size_mobile&quot;:&quot;&quot;,&quot;jet_parallax_layout_animation_prop&quot;:&quot;transform&quot;,&quot;jet_parallax_layout_on&quot;:[&quot;desktop&quot;,&quot;tablet&quot;]}]}\">\n\t\t\t\t\t\t<div class=\"elementor-container elementor-column-gap-wider\">\n\t\t\t\t\t<div class=\"has_ae_slider elementor-column elementor-col-100 elementor-top-column elementor-element elementor-element-aa7f30e ae-bg-gallery-type-default\" data-id=\"aa7f30e\" data-element_type=\"column\">\n\t\t\t<div class=\"elementor-widget-wrap elementor-element-populated\">\n\t\t\t\t\t\t<div class=\"elementor-element elementor-element-7e4f35b custom-map elementor-widget elementor-widget-wts-gmap\" data-id=\"7e4f35b\" data-element_type=\"widget\" data-widget_type=\"wts-gmap.default\">\n\t\t\t\t<div class=\"elementor-widget-container\">\n\t\t\t\t\t\t<div class=\"eae-markers\" data-zoom=\"1\" data-style=\"[{\n&quot;featureType&quot;:&quot;administrative&quot;,\n&quot;elementType&quot;:&quot;all&quot;,\n&quot;stylers&quot;:[{&quot;saturation&quot;:&quot;-100&quot;}]},\n{&quot;featureType&quot;:&quot;administrative.province&quot;,\n&quot;elementType&quot;:&quot;all&quot;,\n&quot;stylers&quot;:[{&quot;visibility&quot;:&quot;off&quot;}]},\n{&quot;featureType&quot;:&quot;landscape&quot;,\n&quot;elementType&quot;:&quot;all&quot;,\n&quot;stylers&quot;:[{&quot;saturation&quot;:-100},{&quot;lightness&quot;:65},{&quot;visibility&quot;:&quot;on&quot;}]},{&quot;featureType&quot;:&quot;poi&quot;,&quot;elementType&quot;:&quot;all&quot;,&quot;stylers&quot;:[{&quot;saturation&quot;:-100},{&quot;lightness&quot;:&quot;50&quot;},{&quot;visibility&quot;:&quot;simplified&quot;}]},{&quot;featureType&quot;:&quot;road&quot;,\n&quot;elementType&quot;:&quot;all&quot;,&quot;stylers&quot;:[{&quot;saturation&quot;:&quot;-100&quot;}]},{&quot;featureType&quot;:&quot;road.highway&quot;,\n&quot;elementType&quot;:&quot;all&quot;,&quot;stylers&quot;:[{&quot;visibility&quot;:&quot;simplified&quot;}]},{&quot;featureType&quot;:&quot;road.arterial&quot;,\n&quot;elementType&quot;:&quot;all&quot;,&quot;stylers&quot;:[{&quot;lightness&quot;:&quot;30&quot;}]},{&quot;featureType&quot;:&quot;road.local&quot;,\n&quot;elementType&quot;:&quot;all&quot;,&quot;stylers&quot;:[{&quot;lightness&quot;:&quot;40&quot;}]},{&quot;featureType&quot;:&quot;transit&quot;,\n&quot;elementType&quot;:&quot;all&quot;,&quot;stylers&quot;:[{&quot;saturation&quot;:-100},\n{&quot;visibility&quot;:&quot;simplified&quot;}]},{&quot;featureType&quot;:&quot;water&quot;,\n&quot;elementType&quot;:&quot;geometry&quot;,\n&quot;stylers&quot;:[{&quot;hue&quot;:&quot;#ffff00&quot;},\n{&quot;lightness&quot;:-25},\n{&quot;saturation&quot;:-97}]},\n{&quot;featureType&quot;:&quot;water&quot;,\n&quot;elementType&quot;:&quot;labels&quot;,\n&quot;stylers&quot;:[{&quot;lightness&quot;:-25},\n{&quot;saturation&quot;:-100}]}]\" data-animate=\"animate-\">\n\t\t\t\t\t\t\t<div class=\"marker\" data-lng=\"-4.4137577\" data-lat=\"36.7224456\" data-icon=\"https:\/\/tecsq.com\/wp-content\/uploads\/2020\/01\/marker-spain-2.png\" data-icon-size=\"50\" data-info-window=\"no\">\n\t\t\t\t\t<h3>TEC Square Project Management SL\u200b<\/h3>\n<p>TEC Square Project Management SL is established in 2018. The company supplies EPC solutions in the process industry to customers around the world.<\/p>\n<h3>TEC Square SL\u200b<\/h3>\n<p>Established in 2016. TEC Square SL is a copy of the Dutch entity. The company caters to customers outside the US market. <a class=\"btn\" href=\"\/?page_id=4402#spain\" data-mce-href=\"https:\/\/tecsq.com\/es\/contacto\/#spain\">Contact us<\/a><\/p>\n\t\t\t\t<\/div>\n\t\t\t\t\t\t\t\t<div class=\"marker\" data-lng=\"4.4613376\" data-lat=\"51.5848451\" data-icon=\"https:\/\/tecsq.com\/wp-content\/uploads\/2020\/01\/marker-netherlands.png\" data-icon-size=\"50\" data-info-window=\"no\">\n\t\t\t\t\t<h3>TEC Square BV\u200b\u200b<\/h3>\n<p>The first operation, active since 2009. TEC Square BV supplies project management solutions to the American market only.<\/p>\n<h3>TEC Square Electrical BV\u200b<\/h3>\n<p>Established in 2015. The company is a joined venture between TEC Square and Cable Solutions. TEC Square Electrical supplies solutions for electrical hardware as PLC and MCC cabinets. <a class=\"btn\" href=\"\/?page_id=4402#netherland\" data-mce-href=\"https:\/\/tecsq.com\/es\/contacto\/#netherland\">Contact us<\/a><\/p>\n\t\t\t\t<\/div>\n\t\t\t\t\t\t\t\t<div class=\"marker\" data-lng=\"123.9317622\" data-lat=\"10.3202186\" data-icon=\"https:\/\/tecsq.com\/wp-content\/uploads\/2020\/01\/marker-philippines.png\" data-icon-size=\"50\" data-info-window=\"no\">\n\t\t\t\t\t<h3>TEC Square Solutions Inc.\u200b<\/h3>\n<p>Established in 2016. TEC Square Solutions inc. is registered in the Philippines and handles all detail engineering for the group. <a class=\"btn\" href=\"\/?page_id=4402#philippines\" data-mce-href=\"https:\/\/tecsq.com\/es\/contacto\/#philippines\">Contact us<\/a><\/p>\n\t\t\t\t<\/div>\n\t\t\t\t\t\t\t<\/div>\n\t\t\t\t\t<\/div>\n\t\t\t\t<\/div>\n\t\t\t\t\t<\/div>\n\t\t<\/div>\n\t\t\t\t\t<\/div>\n\t\t<\/section>\n\t\t\t\t<section class=\"has_ae_slider elementor-section elementor-top-section elementor-element elementor-element-c9679a8 elementor-hidden-desktop elementor-hidden-tablet elementor-hidden-phone elementor-section-boxed elementor-section-height-default elementor-section-height-default ae-bg-gallery-type-default\" data-id=\"c9679a8\" data-element_type=\"section\" data-settings=\"{&quot;jet_parallax_layout_list&quot;:[{&quot;jet_parallax_layout_image&quot;:{&quot;url&quot;:&quot;&quot;,&quot;id&quot;:&quot;&quot;,&quot;size&quot;:&quot;&quot;},&quot;_id&quot;:&quot;530eda6&quot;,&quot;jet_parallax_layout_image_tablet&quot;:{&quot;url&quot;:&quot;&quot;,&quot;id&quot;:&quot;&quot;,&quot;size&quot;:&quot;&quot;},&quot;jet_parallax_layout_image_mobile&quot;:{&quot;url&quot;:&quot;&quot;,&quot;id&quot;:&quot;&quot;,&quot;size&quot;:&quot;&quot;},&quot;jet_parallax_layout_speed&quot;:{&quot;unit&quot;:&quot;%&quot;,&quot;size&quot;:50,&quot;sizes&quot;:[]},&quot;jet_parallax_layout_type&quot;:&quot;scroll&quot;,&quot;jet_parallax_layout_direction&quot;:null,&quot;jet_parallax_layout_fx_direction&quot;:null,&quot;jet_parallax_layout_z_index&quot;:&quot;&quot;,&quot;jet_parallax_layout_bg_x&quot;:50,&quot;jet_parallax_layout_bg_x_tablet&quot;:&quot;&quot;,&quot;jet_parallax_layout_bg_x_mobile&quot;:&quot;&quot;,&quot;jet_parallax_layout_bg_y&quot;:50,&quot;jet_parallax_layout_bg_y_tablet&quot;:&quot;&quot;,&quot;jet_parallax_layout_bg_y_mobile&quot;:&quot;&quot;,&quot;jet_parallax_layout_bg_size&quot;:&quot;auto&quot;,&quot;jet_parallax_layout_bg_size_tablet&quot;:&quot;&quot;,&quot;jet_parallax_layout_bg_size_mobile&quot;:&quot;&quot;,&quot;jet_parallax_layout_animation_prop&quot;:&quot;transform&quot;,&quot;jet_parallax_layout_on&quot;:[&quot;desktop&quot;,&quot;tablet&quot;]}]}\">\n\t\t\t\t\t\t<div class=\"elementor-container elementor-column-gap-wider\">\n\t\t\t\t\t<div class=\"has_ae_slider elementor-column elementor-col-100 elementor-top-column elementor-element elementor-element-af4ea0f ae-bg-gallery-type-default\" data-id=\"af4ea0f\" data-element_type=\"column\">\n\t\t\t<div class=\"elementor-widget-wrap elementor-element-populated\">\n\t\t\t\t\t\t<div class=\"elementor-element elementor-element-e04441d elementor-hidden-tablet elementor-hidden-phone elementor-widget elementor-widget-jet-map\" data-id=\"e04441d\" data-element_type=\"widget\" data-widget_type=\"jet-map.default\">\n\t\t\t\t<div class=\"elementor-widget-container\">\n\t\t\t<div class=\"jet-map-message\"><div class=\"jet-map-message__dammy-map\"><\/div><span class=\"jet-map-message__text\">Coordinates of this location not found<\/span><\/div>\t\t<\/div>\n\t\t\t\t<\/div>\n\t\t\t\t<div class=\"elementor-element elementor-element-81518e2 elementor-hidden-desktop elementor-hidden-phone elementor-widget elementor-widget-jet-map\" data-id=\"81518e2\" data-element_type=\"widget\" data-widget_type=\"jet-map.default\">\n\t\t\t\t<div class=\"elementor-widget-container\">\n\t\t\t<div class=\"jet-map-message\"><div class=\"jet-map-message__dammy-map\"><\/div><span class=\"jet-map-message__text\">Coordinates of this location not found<\/span><\/div>\t\t<\/div>\n\t\t\t\t<\/div>\n\t\t\t\t<div class=\"elementor-element elementor-element-3175fc8 elementor-hidden-desktop elementor-hidden-tablet elementor-widget elementor-widget-jet-map\" data-id=\"3175fc8\" data-element_type=\"widget\" data-widget_type=\"jet-map.default\">\n\t\t\t\t<div class=\"elementor-widget-container\">\n\t\t\t<div class=\"jet-map-message\"><div class=\"jet-map-message__dammy-map\"><\/div><span class=\"jet-map-message__text\">Coordinates of this location not found<\/span><\/div>\t\t<\/div>\n\t\t\t\t<\/div>\n\t\t\t\t<div class=\"elementor-element elementor-element-2b99156 elementor-widget elementor-widget-spacer\" data-id=\"2b99156\" data-element_type=\"widget\" data-widget_type=\"spacer.default\">\n\t\t\t\t<div class=\"elementor-widget-container\">\n\t\t\t\t\t<div class=\"elementor-spacer\">\n\t\t\t<div class=\"elementor-spacer-inner\"><\/div>\n\t\t<\/div>\n\t\t\t\t<\/div>\n\t\t\t\t<\/div>\n\t\t\t\t\t<\/div>\n\t\t<\/div>\n\t\t\t\t\t<\/div>\n\t\t<\/section>\n\t\t\t\t<section class=\"has_ae_slider elementor-section elementor-top-section elementor-element elementor-element-38c0e09 elementor-hidden-desktop elementor-hidden-tablet elementor-hidden-phone elementor-section-boxed elementor-section-height-default elementor-section-height-default ae-bg-gallery-type-default\" data-id=\"38c0e09\" data-element_type=\"section\" data-settings=\"{&quot;jet_parallax_layout_list&quot;:[{&quot;jet_parallax_layout_image&quot;:{&quot;url&quot;:&quot;&quot;,&quot;id&quot;:&quot;&quot;,&quot;size&quot;:&quot;&quot;},&quot;_id&quot;:&quot;f970d76&quot;,&quot;jet_parallax_layout_image_tablet&quot;:{&quot;url&quot;:&quot;&quot;,&quot;id&quot;:&quot;&quot;,&quot;size&quot;:&quot;&quot;},&quot;jet_parallax_layout_image_mobile&quot;:{&quot;url&quot;:&quot;&quot;,&quot;id&quot;:&quot;&quot;,&quot;size&quot;:&quot;&quot;},&quot;jet_parallax_layout_speed&quot;:{&quot;unit&quot;:&quot;%&quot;,&quot;size&quot;:50,&quot;sizes&quot;:[]},&quot;jet_parallax_layout_type&quot;:&quot;scroll&quot;,&quot;jet_parallax_layout_direction&quot;:null,&quot;jet_parallax_layout_fx_direction&quot;:null,&quot;jet_parallax_layout_z_index&quot;:&quot;&quot;,&quot;jet_parallax_layout_bg_x&quot;:50,&quot;jet_parallax_layout_bg_x_tablet&quot;:&quot;&quot;,&quot;jet_parallax_layout_bg_x_mobile&quot;:&quot;&quot;,&quot;jet_parallax_layout_bg_y&quot;:50,&quot;jet_parallax_layout_bg_y_tablet&quot;:&quot;&quot;,&quot;jet_parallax_layout_bg_y_mobile&quot;:&quot;&quot;,&quot;jet_parallax_layout_bg_size&quot;:&quot;auto&quot;,&quot;jet_parallax_layout_bg_size_tablet&quot;:&quot;&quot;,&quot;jet_parallax_layout_bg_size_mobile&quot;:&quot;&quot;,&quot;jet_parallax_layout_animation_prop&quot;:&quot;transform&quot;,&quot;jet_parallax_layout_on&quot;:[&quot;desktop&quot;,&quot;tablet&quot;]}]}\">\n\t\t\t\t\t\t<div class=\"elementor-container elementor-column-gap-default\">\n\t\t\t\t\t<div class=\"has_ae_slider elementor-column elementor-col-100 elementor-top-column elementor-element elementor-element-aac000d ae-bg-gallery-type-default\" data-id=\"aac000d\" data-element_type=\"column\">\n\t\t\t<div class=\"elementor-widget-wrap\">\n\t\t\t\t\t\t\t<\/div>\n\t\t<\/div>\n\t\t\t\t\t<\/div>\n\t\t<\/section>\n\t\t\t\t<\/div>\n\t\t","protected":false},"excerpt":{"rendered":"<p>Presencia internacional El grupo de empresas TEC Square une a varias entidades de gesti\u00f3n de proyectos de Europa y Asia, combinando lo mejor de ambos continentes y permiti\u00e9ndonos proporcionar soluciones rentables y de calidad. TEC Square Project Management SL\u200b TEC Square Project Management SL is established in 2018. The company supplies EPC solutions in the &#8230; <a title=\"Sobre Nosotros\" class=\"read-more\" href=\"https:\/\/tecsq.com\/es\/sobre-nosotros\/\" aria-label=\"M\u00e1s en Sobre Nosotros\">Leer m\u00e1s<\/a><\/p>\n","protected":false},"author":3,"featured_media":0,"parent":0,"menu_order":8,"comment_status":"closed","ping_status":"closed","template":"elementor_header_footer","meta":{"_acf_changed":false,"footnotes":""},"acf":[],"yoast_head":"<!-- This site is optimized with the Yoast SEO plugin v22.3 - https:\/\/yoast.com\/wordpress\/plugins\/seo\/ -->\n<title>TEC Square Company Info - Una peque\u00f1a empresa de ingenier\u00eda multinacional<\/title>\n<meta name=\"description\" content=\"TEC Square es una empresa de gesti\u00f3n de proyectos especializada en proporcionar soluciones para problemas y entornos de procesado complejos.\" \/>\n<meta name=\"robots\" content=\"index, follow, max-snippet:-1, max-image-preview:large, max-video-preview:-1\" \/>\n<link rel=\"canonical\" href=\"https:\/\/tecsq.com\/es\/sobre-nosotros\/\" \/>\n<meta property=\"og:locale\" content=\"es_ES\" \/>\n<meta property=\"og:type\" content=\"article\" \/>\n<meta property=\"og:title\" content=\"TEC Square Company Info - Una peque\u00f1a empresa de ingenier\u00eda multinacional\" \/>\n<meta property=\"og:description\" content=\"TEC Square es una empresa de gesti\u00f3n de proyectos especializada en proporcionar soluciones para problemas y entornos de procesado complejos.\" \/>\n<meta property=\"og:url\" content=\"https:\/\/tecsq.com\/es\/sobre-nosotros\/\" \/>\n<meta property=\"og:site_name\" content=\"TEC Square\" \/>\n<meta property=\"article:modified_time\" content=\"2024-04-02T11:41:12+00:00\" \/>\n<meta name=\"twitter:card\" content=\"summary_large_image\" \/>\n<meta name=\"twitter:label1\" content=\"Tiempo de lectura\" \/>\n\t<meta name=\"twitter:data1\" content=\"11 minutos\" \/>\n<script type=\"application\/ld+json\" class=\"yoast-schema-graph\">{\"@context\":\"https:\/\/schema.org\",\"@graph\":[{\"@type\":\"WebPage\",\"@id\":\"https:\/\/tecsq.com\/es\/sobre-nosotros\/\",\"url\":\"https:\/\/tecsq.com\/es\/sobre-nosotros\/\",\"name\":\"TEC Square Company Info - Una peque\u00f1a empresa de ingenier\u00eda multinacional\",\"isPartOf\":{\"@id\":\"https:\/\/tecsq.com\/es\/#website\"},\"datePublished\":\"2016-05-12T01:49:45+00:00\",\"dateModified\":\"2024-04-02T11:41:12+00:00\",\"description\":\"TEC Square es una empresa de gesti\u00f3n de proyectos especializada en proporcionar soluciones para problemas y entornos de procesado complejos.\",\"breadcrumb\":{\"@id\":\"https:\/\/tecsq.com\/es\/sobre-nosotros\/#breadcrumb\"},\"inLanguage\":\"es\",\"potentialAction\":[{\"@type\":\"ReadAction\",\"target\":[\"https:\/\/tecsq.com\/es\/sobre-nosotros\/\"]}]},{\"@type\":\"BreadcrumbList\",\"@id\":\"https:\/\/tecsq.com\/es\/sobre-nosotros\/#breadcrumb\",\"itemListElement\":[{\"@type\":\"ListItem\",\"position\":1,\"name\":\"Home\",\"item\":\"https:\/\/tecsq.com\/es\/\"},{\"@type\":\"ListItem\",\"position\":2,\"name\":\"Sobre Nosotros\"}]},{\"@type\":\"WebSite\",\"@id\":\"https:\/\/tecsq.com\/es\/#website\",\"url\":\"https:\/\/tecsq.com\/es\/\",\"name\":\"TEC Square\",\"description\":\"Project Management and Engineering Contractor\",\"publisher\":{\"@id\":\"https:\/\/tecsq.com\/es\/#organization\"},\"potentialAction\":[{\"@type\":\"SearchAction\",\"target\":{\"@type\":\"EntryPoint\",\"urlTemplate\":\"https:\/\/tecsq.com\/es\/?s={search_term_string}\"},\"query-input\":\"required name=search_term_string\"}],\"inLanguage\":\"es\"},{\"@type\":\"Organization\",\"@id\":\"https:\/\/tecsq.com\/es\/#organization\",\"name\":\"TEC Square\",\"url\":\"https:\/\/tecsq.com\/es\/\",\"logo\":{\"@type\":\"ImageObject\",\"inLanguage\":\"es\",\"@id\":\"https:\/\/tecsq.com\/es\/#\/schema\/logo\/image\/\",\"url\":\"https:\/\/tecsq.com\/wp-content\/uploads\/2016\/08\/logo.png\",\"contentUrl\":\"https:\/\/tecsq.com\/wp-content\/uploads\/2016\/08\/logo.png\",\"width\":2351,\"height\":616,\"caption\":\"TEC Square\"},\"image\":{\"@id\":\"https:\/\/tecsq.com\/es\/#\/schema\/logo\/image\/\"}}]}<\/script>\n<!-- \/ Yoast SEO plugin. -->","yoast_head_json":{"title":"TEC Square Company Info - Una peque\u00f1a empresa de ingenier\u00eda multinacional","description":"TEC Square es una empresa de gesti\u00f3n de proyectos especializada en proporcionar soluciones para problemas y entornos de procesado complejos.","robots":{"index":"index","follow":"follow","max-snippet":"max-snippet:-1","max-image-preview":"max-image-preview:large","max-video-preview":"max-video-preview:-1"},"canonical":"https:\/\/tecsq.com\/es\/sobre-nosotros\/","og_locale":"es_ES","og_type":"article","og_title":"TEC Square Company Info - Una peque\u00f1a empresa de ingenier\u00eda multinacional","og_description":"TEC Square es una empresa de gesti\u00f3n de proyectos especializada en proporcionar soluciones para problemas y entornos de procesado complejos.","og_url":"https:\/\/tecsq.com\/es\/sobre-nosotros\/","og_site_name":"TEC Square","article_modified_time":"2024-04-02T11:41:12+00:00","twitter_card":"summary_large_image","twitter_misc":{"Tiempo de lectura":"11 minutos"},"schema":{"@context":"https:\/\/schema.org","@graph":[{"@type":"WebPage","@id":"https:\/\/tecsq.com\/es\/sobre-nosotros\/","url":"https:\/\/tecsq.com\/es\/sobre-nosotros\/","name":"TEC Square Company Info - Una peque\u00f1a empresa de ingenier\u00eda multinacional","isPartOf":{"@id":"https:\/\/tecsq.com\/es\/#website"},"datePublished":"2016-05-12T01:49:45+00:00","dateModified":"2024-04-02T11:41:12+00:00","description":"TEC Square es una empresa de gesti\u00f3n de proyectos especializada en proporcionar soluciones para problemas y entornos de procesado complejos.","breadcrumb":{"@id":"https:\/\/tecsq.com\/es\/sobre-nosotros\/#breadcrumb"},"inLanguage":"es","potentialAction":[{"@type":"ReadAction","target":["https:\/\/tecsq.com\/es\/sobre-nosotros\/"]}]},{"@type":"BreadcrumbList","@id":"https:\/\/tecsq.com\/es\/sobre-nosotros\/#breadcrumb","itemListElement":[{"@type":"ListItem","position":1,"name":"Home","item":"https:\/\/tecsq.com\/es\/"},{"@type":"ListItem","position":2,"name":"Sobre Nosotros"}]},{"@type":"WebSite","@id":"https:\/\/tecsq.com\/es\/#website","url":"https:\/\/tecsq.com\/es\/","name":"TEC Square","description":"Project Management and Engineering Contractor","publisher":{"@id":"https:\/\/tecsq.com\/es\/#organization"},"potentialAction":[{"@type":"SearchAction","target":{"@type":"EntryPoint","urlTemplate":"https:\/\/tecsq.com\/es\/?s={search_term_string}"},"query-input":"required name=search_term_string"}],"inLanguage":"es"},{"@type":"Organization","@id":"https:\/\/tecsq.com\/es\/#organization","name":"TEC Square","url":"https:\/\/tecsq.com\/es\/","logo":{"@type":"ImageObject","inLanguage":"es","@id":"https:\/\/tecsq.com\/es\/#\/schema\/logo\/image\/","url":"https:\/\/tecsq.com\/wp-content\/uploads\/2016\/08\/logo.png","contentUrl":"https:\/\/tecsq.com\/wp-content\/uploads\/2016\/08\/logo.png","width":2351,"height":616,"caption":"TEC Square"},"image":{"@id":"https:\/\/tecsq.com\/es\/#\/schema\/logo\/image\/"}}]}},"_links":{"self":[{"href":"https:\/\/tecsq.com\/es\/wp-json\/wp\/v2\/pages\/8399"}],"collection":[{"href":"https:\/\/tecsq.com\/es\/wp-json\/wp\/v2\/pages"}],"about":[{"href":"https:\/\/tecsq.com\/es\/wp-json\/wp\/v2\/types\/page"}],"author":[{"embeddable":true,"href":"https:\/\/tecsq.com\/es\/wp-json\/wp\/v2\/users\/3"}],"replies":[{"embeddable":true,"href":"https:\/\/tecsq.com\/es\/wp-json\/wp\/v2\/comments?post=8399"}],"version-history":[{"count":12,"href":"https:\/\/tecsq.com\/es\/wp-json\/wp\/v2\/pages\/8399\/revisions"}],"predecessor-version":[{"id":11928,"href":"https:\/\/tecsq.com\/es\/wp-json\/wp\/v2\/pages\/8399\/revisions\/11928"}],"wp:attachment":[{"href":"https:\/\/tecsq.com\/es\/wp-json\/wp\/v2\/media?parent=8399"}],"curies":[{"name":"wp","href":"https:\/\/api.w.org\/{rel}","templated":true}]}}